{"id":173,"date":"2019-09-10T21:58:57","date_gmt":"2019-09-10T19:58:57","guid":{"rendered":"http:\/\/www.guillaumebouillon.com\/?page_id=173"},"modified":"2019-10-10T20:45:21","modified_gmt":"2019-10-10T18:45:21","slug":"bio","status":"publish","type":"page","link":"https:\/\/www.guillaumebouillon.com\/","title":{"rendered":"Biographie"},"content":{"rendered":"\n<p style=\"text-align: justify;\"><img loading=\"lazy\" decoding=\"async\" class=\"wp-image-153 size-medium alignleft\" src=\"https:\/\/www.guillaumebouillon.com\/wp-content\/uploads\/2019\/09\/DSCF6835-2-1-300x289.jpg\" alt=\"\" width=\"300\" height=\"289\" srcset=\"https:\/\/www.guillaumebouillon.com\/wp-content\/uploads\/2019\/09\/DSCF6835-2-1-300x289.jpg 300w, https:\/\/www.guillaumebouillon.com\/wp-content\/uploads\/2019\/09\/DSCF6835-2-1-768x739.jpg 768w, https:\/\/www.guillaumebouillon.com\/wp-content\/uploads\/2019\/09\/DSCF6835-2-1-1024x986.jpg 1024w, https:\/\/www.guillaumebouillon.com\/wp-content\/uploads\/2019\/09\/DSCF6835-2-1.jpg 1838w\" sizes=\"auto, (max-width: 300px) 100vw, 300px\" \/>Guillaume Bouillon a commenc\u00e9 le violoncelle \u00e0 l&rsquo;\u00e2ge de 9 ans au Conservatoire de Cambrai dans la classe d&rsquo;Emmanuel Puigdemont. Il \u00e9tudie en parall\u00e8le pendant deux ann\u00e9es avec Odile Bourin au Conservatoire du 10e arrondissement \u00e0 Paris. Par la suite il \u00e9tudie avec H\u00e9l\u00e8ne Dautry &#8211; qu&rsquo;il a rencontr\u00e9e lors de stages &#8211; au Conservatoire de Lille. Il y obtient son Dipl\u00f4me d&rsquo;\u00c9tudes Musicales en 2009. \u00c0 la recherche de nouveaux horizons, Guillaume est admis cette m\u00eame ann\u00e9e \u00e0 la Haute Ecole de Musique de Lausanne et entre dans la classe de Patrick Demenga. Il obtient son Bachelor en 2012 puis son Master d\u2019Interpr\u00e9tation Concert en 2014 avec ce m\u00eame professeur. Guillaume continue de diversifier ses connaissances avec l&rsquo;obtention d&rsquo;un second Master, de P\u00e9dagogie, obtenu en 2016, avec Marc Jaermann.<\/p>\n<p style=\"text-align: justify;\">Comme violoncelliste, il est actif dans plusieurs formations d&rsquo;orchestres. Rempla\u00e7ant \u00e0 l&rsquo;Orchestre de Chambre de Lausanne, l&rsquo;Orchestre de Chambre de Gen\u00e8ve, stagiaire puis rempla\u00e7ant au Sinfonietta de Lausanne. En Musique de Chambre, il est fondateur du Duo Eras avec le guitariste Bruno Dias avec qui il joue r\u00e9guli\u00e8rement. De 2014 \u00e0 2019, il prend place dans l&rsquo;Ensemble Contemporain Sargo avec lequel il travaille sous forme de workshops avec la classe de composition de D. Ammann \u00e0 la Hochschule de Lucerne. Depuis 2015, Guillaume est Membre de l&rsquo;Ensemble Diachronie \u00e0 Fribourg. En 2012 il joue en soliste le Concerto de Saint-Sa\u00ebns avec l&rsquo;Orchestre Allegro Passionnata. En 2016 Guillaume joue en soliste le Concerto de Haydn avec l&rsquo;OJSR. Il se produit en solo et musique de chambre dans diff\u00e9rents festivals : Festival Bach \u00e0 Lausanne, en solo. Festival des Jardins Musicaux, avec le Quatuor Sine Nomine, et Montreux Jazz Festival en quatuor. On le retrouve \u00e9galement r\u00e9guli\u00e8rement dans des projets originaux avec d&rsquo;autres artistes comme avec la Compagnie de Th\u00e9\u00e2tre \u00a0Cantamis\u00f9 ou encore divers projets avec des danseurs. Une bourse de la Fondation Ir\u00e8ne D\u00e9n\u00e9r\u00e9az lui est attribu\u00e9e en 2018.<\/p>\n<p style=\"text-align: justify;\">Guillaume est passionn\u00e9 par la p\u00e9dagogie et l\u2019enseignement. Il est professeur depuis 2016 \u00e0 l&rsquo;\u00c9cole de Musique d&rsquo;\u00c9palinges, et depuis la rentr\u00e9e 2017 au Conservatoire de Musique du Nord Vaudois \u00e0 Yverdon-les-Bains. Il s&rsquo;occupe r\u00e9guli\u00e8rement de Concerts de M\u00e9diation o\u00f9 il cr\u00e9e des interactions aussi bien pour les adultes, personnes \u00e2g\u00e9es que pour les enfants. Il a re\u00e7u en 2016 la bourse Pal\u00e9o pour ses travaux de m\u00e9diations. Guillaume continue de se perfectionner \u00e0 travers des Masterclasses et des stages avec des grands interpr\u00e8tes comme J\u00e9r\u00f4me Pernoo, Anthony Leroy, Franz Helmerson, Gary Hoffman, Orfeo Mandozzi ainsi que le Quatuor Debussy. En 2019 Guillaume se produit en musique de chambre avec diff\u00e9rentes formations et artistes; sur glace avec Stephane Walker, champion Suisse de patinage artistique; en trio et \u00e9galement dans le Duo \u00ab\u00a0Vibrations de Bois et de M\u00e9tal\u00a0\u00bb avec la Fl\u00fbtiste Yu-Hsuan Kuo en Suisse et en France. Tous deux font partie de l&rsquo;Association \u00ab\u00a0Les Concerts du C\u0153ur\u00a0\u00bb qui s&rsquo;engage \u00e0 travers des concerts et ateliers aupr\u00e8s des personnes \u00e2g\u00e9es, de personnes hospitalis\u00e9es et d\u2019orphelins.<\/p>\n","protected":false},"excerpt":{"rendered":"<p>Guillaume Bouillon a commenc\u00e9 le violoncelle \u00e0 l&rsquo;\u00e2ge de 9 ans au Conservatoire de Cambrai dans la classe d&rsquo;Emmanuel Puigdemont. Il \u00e9tudie en parall\u00e8le pendant deux ann\u00e9es avec Odile Bourin au Conservatoire du 10e arrondissement \u00e0 Paris. Par la suite il \u00e9tudie avec H\u00e9l\u00e8ne Dautry &#8211; qu&rsquo;il a rencontr\u00e9e lors de stages &#8211; au Conservatoire de Lille. Il y obtient son Dipl\u00f4me d&rsquo;\u00c9tudes Musicales en 2009. \u00c0 la recherche de nouveaux horizons, Guillaume est admis cette m\u00eame ann\u00e9e \u00e0 la Haute Ecole de Musique de Lausanne et entre dans la classe de Patrick Demenga. Il obtient son Bachelor en 2012 puis son Master d\u2019Interpr\u00e9tation Concert en 2014 avec ce m\u00eame professeur. Guillaume continue de diversifier ses connaissances avec l&rsquo;obtention d&rsquo;un second Master, de P\u00e9dagogie, obtenu en 2016, avec Marc Jaermann. Comme violoncelliste, il est actif dans plusieurs formations d&rsquo;orchestres. Rempla\u00e7ant \u00e0 l&rsquo;Orchestre de Chambre de Lausanne, l&rsquo;Orchestre de Chambre de&hellip;<\/p>\n<p> <a class=\"more-link\" href=\"https:\/\/www.guillaumebouillon.com\/\">Lire la suite<\/a><\/p>\n","protected":false},"author":1,"featured_media":0,"parent":0,"menu_order":0,"comment_status":"closed","ping_status":"closed","template":"","meta":{"_EventAllDay":false,"_EventTimezone":"","_EventStartDate":"","_EventEndDate":"","_EventStartDateUTC":"","_EventEndDateUTC":"","_EventShowMap":false,"_EventShowMapLink":false,"_EventURL":"","_EventCost":"","_EventCostDescription":"","_EventCurrencySymbol":"","_EventCurrencyCode":"","_EventCurrencyPosition":"","_EventDateTimeSeparator":"","_EventTimeRangeSeparator":"","_EventOrganizerID":[],"_EventVenueID":[],"_OrganizerEmail":"","_OrganizerPhone":"","_OrganizerWebsite":"","_VenueAddress":"","_VenueCity":"","_VenueCountry":"","_VenueProvince":"","_VenueState":"","_VenueZip":"","_VenuePhone":"","_VenueURL":"","_VenueStateProvince":"","_VenueLat":"","_VenueLng":"","_VenueShowMap":false,"_VenueShowMapLink":false,"footnotes":""},"class_list":["post-173","page","type-page","status-publish"],"_links":{"self":[{"href":"https:\/\/www.guillaumebouillon.com\/index.php\/wp-json\/wp\/v2\/pages\/173","targetHints":{"allow":["GET"]}}],"collection":[{"href":"https:\/\/www.guillaumebouillon.com\/index.php\/wp-json\/wp\/v2\/pages"}],"about":[{"href":"https:\/\/www.guillaumebouillon.com\/index.php\/wp-json\/wp\/v2\/types\/page"}],"author":[{"embeddable":true,"href":"https:\/\/www.guillaumebouillon.com\/index.php\/wp-json\/wp\/v2\/users\/1"}],"replies":[{"embeddable":true,"href":"https:\/\/www.guillaumebouillon.com\/index.php\/wp-json\/wp\/v2\/comments?post=173"}],"version-history":[{"count":14,"href":"https:\/\/www.guillaumebouillon.com\/index.php\/wp-json\/wp\/v2\/pages\/173\/revisions"}],"predecessor-version":[{"id":234,"href":"https:\/\/www.guillaumebouillon.com\/index.php\/wp-json\/wp\/v2\/pages\/173\/revisions\/234"}],"wp:attachment":[{"href":"https:\/\/www.guillaumebouillon.com\/index.php\/wp-json\/wp\/v2\/media?parent=173"}],"curies":[{"name":"wp","href":"https:\/\/api.w.org\/{rel}","templated":true}]}}